{"id":1477,"date":"2022-09-04T14:11:04","date_gmt":"2022-09-04T14:11:04","guid":{"rendered":"https:\/\/christinaresidence.com\/rolunk\/"},"modified":"2023-03-02T14:52:34","modified_gmt":"2023-03-02T14:52:34","slug":"rolunk","status":"publish","type":"page","link":"https:\/\/christinaresidence.com\/hu\/rolunk\/","title":{"rendered":"R\u00f3lunk"},"content":{"rendered":"<\/p>\n<p><b>Kedves vend\u00e9geink!<\/b><\/p>\n<p>Sz\u00e1llod\u00e1nk a budai oldalon, a D\u00e9li p\u00e1lyaudvar mellett tal\u00e1lhat\u00f3. B\u00fcszk\u00e9k vagyunk kiv\u00e1l\u00f3 elhelyezked\u00e9s\u00e9re, amely t\u00f6k\u00e9letes kombin\u00e1ci\u00f3ja a nyugodt helynek, ugyanakkor a k\u00f6zelben tal\u00e1lhat\u00f3 a Budai V\u00e1rnegyed \u00e9s a L\u00e1nch\u00edd, valamint fontos t\u00f6megk\u00f6zleked\u00e9si pontok (a D\u00e9li p\u00e1lyaudvar \u00e9s az M2-es metr\u00f3), mellyel alig 7 perc alatt a v\u00e1rosk\u00f6zpontban lehet\u00fcnk. Ez azt jelenti, hogy a sz\u00ednes, ny\u00fczsg\u0151 k\u00f6zponti v\u00e1rosi \u00e9let karny\u00fajt\u00e1snyira van t\u0151l\u00fcnk, ugyanakkor el\u00e9g messze vagyunk a k\u00f6zpontt\u00f3l ahhoz, hogy egy hossz\u00fa, nyugodt alv\u00e1ssal fejezhesse be a napot hotel\u00fcnkben. <\/p>\n<p>B\u00fcszk\u00e9n mondhatjuk, hogy olyan egyedi kombin\u00e1ci\u00f3t tudtunk alkotni, amely a nagy sz\u00e1llod\u00e1k modern szob\u00e1it \u00f6tv\u00f6zi a csal\u00e1dias hangulattal. Szob\u00e1ink kialak\u00edt\u00e1sakor az volt a f\u0151 c\u00e9lunk, hogy vend\u00e9geink t\u00e1gas, k\u00e9nyelmes, m\u00e9gis kompakt szob\u00e1t kapjanak, ahol megpihenhetnek, vagy k\u00e9sz\u00fclhetnek a kir\u00e1ndul\u00e1sra. Minden szob\u00e1nk l\u00e9gkondicion\u00e1l\u00f3val, nyitott st\u00edlus\u00fa gardr\u00f3bbal, mini h\u0171t\u0151szekr\u00e9nnyel, sz\u00e9ffel, Nespresso k\u00e1v\u00e9f\u0151z\u0151vel \u00e9s 32&#8243;-es LED TV-vel felszerelt a t\u00f6k\u00e9letes k\u00e9nyelem \u00e9rdek\u00e9ben.<\/p>\n<p>Szeretn\u00e9nk minden kedves vend\u00e9g\u00fcnknek bar\u00e1ts\u00e1gos \u00e9s szinte otthonos \u00e9rz\u00e9st ny\u00fajtani. C\u00e9lunk nemcsak a vend\u00e9gek k\u00e9r\u00e9seinek teljes\u00edt\u00e9se, hanem igyeksz\u00fcnk kapcsolatot is kialak\u00edtani vel\u00fck, hogy ink\u00e1bb egy helyi bar\u00e1tot l\u00e1ssanak benn\u00fcnk, mint alkalmazottat. <\/p>\n<p>Nagyon rem\u00e9lj\u00fck, hogy hamarosan \u00d6nt is vend\u00e9g\u00fcl l\u00e1thatjuk!<\/p>\n<p>\u00dcdv\u00f6zlettel,<br \/>a Christina Residence csapata<\/p>\n<p>\t\t\t\t\t\t\t\t\t\t\t\t\t\t\t<img loading=\"lazy\" decoding=\"async\" width=\"824\" height=\"549\" src=\"https:\/\/christinaresidence.com\/wp-content\/uploads\/2022\/09\/IMGB8927-1024x682.jpg\" alt=\"\" loading=\"lazy\" srcset=\"https:\/\/christinaresidence.com\/wp-content\/uploads\/2022\/09\/IMGB8927-1024x682.jpg 1024w, https:\/\/christinaresidence.com\/wp-content\/uploads\/2022\/09\/IMGB8927-300x200.jpg 300w, https:\/\/christinaresidence.com\/wp-content\/uploads\/2022\/09\/IMGB8927-768x512.jpg 768w, https:\/\/christinaresidence.com\/wp-content\/uploads\/2022\/09\/IMGB8927.jpg 1336w\" sizes=\"auto, (max-width: 824px) 100vw, 824px\" \/><\/p>\n","protected":false},"excerpt":{"rendered":"<p>Kedves vend\u00e9geink! Sz\u00e1llod\u00e1nk a budai oldalon, a D\u00e9li p\u00e1lyaudvar mellett tal\u00e1lhat\u00f3. B\u00fcszk\u00e9k vagyunk kiv\u00e1l\u00f3 elhelyezked\u00e9s\u00e9re, amely t\u00f6k\u00e9letes kombin\u00e1ci\u00f3ja a nyugodt &hellip; <\/p>\n","protected":false},"author":1,"featured_media":1285,"parent":0,"menu_order":0,"comment_status":"closed","ping_status":"closed","template":"","meta":{"inline_featured_image":false,"footnotes":""},"class_list":["post-1477","page","type-page","status-publish","has-post-thumbnail","hentry","latest_post"],"acf":[],"_links":{"self":[{"href":"https:\/\/christinaresidence.com\/hu\/wp-json\/wp\/v2\/pages\/1477","targetHints":{"allow":["GET"]}}],"collection":[{"href":"https:\/\/christinaresidence.com\/hu\/wp-json\/wp\/v2\/pages"}],"about":[{"href":"https:\/\/christinaresidence.com\/hu\/wp-json\/wp\/v2\/types\/page"}],"author":[{"embeddable":true,"href":"https:\/\/christinaresidence.com\/hu\/wp-json\/wp\/v2\/users\/1"}],"replies":[{"embeddable":true,"href":"https:\/\/christinaresidence.com\/hu\/wp-json\/wp\/v2\/comments?post=1477"}],"version-history":[{"count":2,"href":"https:\/\/christinaresidence.com\/hu\/wp-json\/wp\/v2\/pages\/1477\/revisions"}],"predecessor-version":[{"id":1949,"href":"https:\/\/christinaresidence.com\/hu\/wp-json\/wp\/v2\/pages\/1477\/revisions\/1949"}],"wp:featuredmedia":[{"embeddable":true,"href":"https:\/\/christinaresidence.com\/hu\/wp-json\/wp\/v2\/media\/1285"}],"wp:attachment":[{"href":"https:\/\/christinaresidence.com\/hu\/wp-json\/wp\/v2\/media?parent=1477"}],"curies":[{"name":"wp","href":"https:\/\/api.w.org\/{rel}","templated":true}]}}