{"id":1479,"date":"2022-05-05T18:37:45","date_gmt":"2022-05-05T18:37:45","guid":{"rendered":"https:\/\/christinaresidence.com\/szobaink\/"},"modified":"2024-10-22T08:51:29","modified_gmt":"2024-10-22T08:51:29","slug":"szobaink","status":"publish","type":"page","link":"https:\/\/christinaresidence.com\/hu\/szobaink\/","title":{"rendered":"Szob\u00e1ink"},"content":{"rendered":"<\/p>\n<p>A Christina Residence 11 szob\u00e1val rendelkezik, \u00edgy egyszerre 26 f\u0151t tudunk elsz\u00e1ll\u00e1solni.&nbsp;&nbsp;H\u00e1rom szobat\u00edpus k\u00f6z\u00fcl v\u00e1laszthat:<\/p>\n<\/p>\n<p>\t\t\t\t\t\t\t\t\t\t\t\t\t\t\t<img fetchpriority=\"high\" decoding=\"async\" width=\"824\" height=\"549\" src=\"image\/gif;base64,R0lGODlhAQABAAAAACH5BAEKAAEALAAAAAABAAEAAAICTAEAOw==\" alt=\"\" srcset=\"\" sizes=\"(max-width: 824px) 100vw, 824px\" data-layzr=\"https:\/\/christinaresidence.com\/wp-content\/uploads\/2022\/05\/IMGB8849-HDR-1024x682.jpg\" data-layzr-srcset=\"https:\/\/christinaresidence.com\/wp-content\/uploads\/2022\/05\/IMGB8849-HDR-1024x682.jpg 1024w, https:\/\/christinaresidence.com\/wp-content\/uploads\/2022\/05\/IMGB8849-HDR-300x200.jpg 300w, https:\/\/christinaresidence.com\/wp-content\/uploads\/2022\/05\/IMGB8849-HDR-768x512.jpg 768w, https:\/\/christinaresidence.com\/wp-content\/uploads\/2022\/05\/IMGB8849-HDR.jpg 1336w\" \/><\/p>\n","protected":false},"excerpt":{"rendered":"<p>A Christina Residence 11 szob\u00e1val rendelkezik, \u00edgy egyszerre 26 f\u0151t tudunk elsz\u00e1ll\u00e1solni.&nbsp;&nbsp;H\u00e1rom szobat\u00edpus k\u00f6z\u00fcl v\u00e1laszthat:<\/p>\n","protected":false},"author":1,"featured_media":1414,"parent":0,"menu_order":0,"comment_status":"closed","ping_status":"closed","template":"","meta":{"inline_featured_image":false,"footnotes":""},"class_list":["post-1479","page","type-page","status-publish","has-post-thumbnail","hentry","latest_post"],"acf":[],"_links":{"self":[{"href":"https:\/\/christinaresidence.com\/hu\/wp-json\/wp\/v2\/pages\/1479","targetHints":{"allow":["GET"]}}],"collection":[{"href":"https:\/\/christinaresidence.com\/hu\/wp-json\/wp\/v2\/pages"}],"about":[{"href":"https:\/\/christinaresidence.com\/hu\/wp-json\/wp\/v2\/types\/page"}],"author":[{"embeddable":true,"href":"https:\/\/christinaresidence.com\/hu\/wp-json\/wp\/v2\/users\/1"}],"replies":[{"embeddable":true,"href":"https:\/\/christinaresidence.com\/hu\/wp-json\/wp\/v2\/comments?post=1479"}],"version-history":[{"count":16,"href":"https:\/\/christinaresidence.com\/hu\/wp-json\/wp\/v2\/pages\/1479\/revisions"}],"predecessor-version":[{"id":2326,"href":"https:\/\/christinaresidence.com\/hu\/wp-json\/wp\/v2\/pages\/1479\/revisions\/2326"}],"wp:featuredmedia":[{"embeddable":true,"href":"https:\/\/christinaresidence.com\/hu\/wp-json\/wp\/v2\/media\/1414"}],"wp:attachment":[{"href":"https:\/\/christinaresidence.com\/hu\/wp-json\/wp\/v2\/media?parent=1479"}],"curies":[{"name":"wp","href":"https:\/\/api.w.org\/{rel}","templated":true}]}}