{"id":1503,"date":"2022-05-03T14:35:33","date_gmt":"2022-05-03T14:35:33","guid":{"rendered":"https:\/\/christinaresidence.com\/kapcsolatfelvetel\/"},"modified":"2023-03-02T14:52:36","modified_gmt":"2023-03-02T14:52:36","slug":"kapcsolatfelvetel","status":"publish","type":"page","link":"https:\/\/christinaresidence.com\/hu\/kapcsolatfelvetel\/","title":{"rendered":"Kapcsolat"},"content":{"rendered":"\n<p>Ez egy n\u00e9h\u00e1ny kapcsolati adatot, mint pl. c\u00edm, telefonsz\u00e1m, tartalmaz\u00f3 oldal. Lehet b\u0151v\u00edtm\u00e9nyt is haszn\u00e1lni egy kapcsolati \u0171rlap beilleszt\u00e9s\u00e9hez.<\/p>\n","protected":false},"excerpt":{"rendered":"<p>Ez egy n\u00e9h\u00e1ny kapcsolati adatot, mint pl. c\u00edm, telefonsz\u00e1m, tartalmaz\u00f3 oldal. Lehet b\u0151v\u00edtm\u00e9nyt is haszn\u00e1lni egy kapcsolati \u0171rlap beilleszt\u00e9s\u00e9hez.<\/p>\n","protected":false},"author":1,"featured_media":1462,"parent":0,"menu_order":0,"comment_status":"closed","ping_status":"closed","template":"templates\/contact.php","meta":{"inline_featured_image":false,"footnotes":""},"class_list":["post-1503","page","type-page","status-publish","has-post-thumbnail","hentry","latest_post"],"acf":[],"_links":{"self":[{"href":"https:\/\/christinaresidence.com\/hu\/wp-json\/wp\/v2\/pages\/1503","targetHints":{"allow":["GET"]}}],"collection":[{"href":"https:\/\/christinaresidence.com\/hu\/wp-json\/wp\/v2\/pages"}],"about":[{"href":"https:\/\/christinaresidence.com\/hu\/wp-json\/wp\/v2\/types\/page"}],"author":[{"embeddable":true,"href":"https:\/\/christinaresidence.com\/hu\/wp-json\/wp\/v2\/users\/1"}],"replies":[{"embeddable":true,"href":"https:\/\/christinaresidence.com\/hu\/wp-json\/wp\/v2\/comments?post=1503"}],"version-history":[{"count":2,"href":"https:\/\/christinaresidence.com\/hu\/wp-json\/wp\/v2\/pages\/1503\/revisions"}],"predecessor-version":[{"id":1529,"href":"https:\/\/christinaresidence.com\/hu\/wp-json\/wp\/v2\/pages\/1503\/revisions\/1529"}],"wp:featuredmedia":[{"embeddable":true,"href":"https:\/\/christinaresidence.com\/hu\/wp-json\/wp\/v2\/media\/1462"}],"wp:attachment":[{"href":"https:\/\/christinaresidence.com\/hu\/wp-json\/wp\/v2\/media?parent=1503"}],"curies":[{"name":"wp","href":"https:\/\/api.w.org\/{rel}","templated":true}]}}