{"id":1530,"date":"2022-08-14T17:09:31","date_gmt":"2022-08-14T17:09:31","guid":{"rendered":"https:\/\/christinaresidence.com\/tudj-meg-tobbet\/"},"modified":"2023-03-02T14:52:36","modified_gmt":"2023-03-02T14:52:36","slug":"tudj-meg-tobbet","status":"publish","type":"page","link":"https:\/\/christinaresidence.com\/hu\/tudj-meg-tobbet\/","title":{"rendered":"Tudj meg t\u00f6bbet"},"content":{"rendered":"\n<p>Sz\u00e1llod\u00e1nk 2022 m\u00e1rcius\u00e1ban nyitotta meg kapuit azzal a c\u00e9llal, hogy egyed\u00fcl\u00e1ll\u00f3 \u00e9s pihentet\u0151 \u00e9lm\u00e9nyt ny\u00fajtson mindenkinek, aki Budapesten tart\u00f3zkodik.<\/p>\n\n<p>Szob\u00e1ink kialak\u00edt\u00e1sakor az volt a f\u0151 c\u00e9lunk, hogy vend\u00e9geink t\u00e1gas, k\u00e9nyelmes, m\u00e9gis kompakt szob\u00e1t kapjanak, ahol megpihenhetnek, vagy k\u00e9sz\u00fcl\u0151dhetnek a kir\u00e1ndul\u00e1sra. <\/p>\n\n<p>Minden szob\u00e1nk l\u00e9gkondicion\u00e1l\u00f3val, nyitott st\u00edlus\u00fa gardr\u00f3bbal, mini h\u0171t\u0151szekr\u00e9nnyel, sz\u00e9ffel, Nespresso k\u00e1v\u00e9f\u0151z\u0151vel \u00e9s 32&#8243;-es LED TV-vel felszerelt a t\u00f6k\u00e9letes k\u00e9nyelem \u00e9rdek\u00e9ben.<\/p>\n\n<p>Bud\u00e1n tal\u00e1lhat\u00f3, p\u00e1r percnyi s\u00e9t\u00e1ra a Budai V\u00e1rt\u00f3l \u00e9s a L\u00e1nch\u00eddt\u00f3l, mely remek lehet\u0151s\u00e9get ad vend\u00e9geinknek a v\u00e1ros felfedez\u00e9s\u00e9re. A D\u00e9li p\u00e1lyaudvar a legk\u00f6zelebbi (4 perc s\u00e9ta) t\u00f6megk\u00f6zleked\u00e9si meg\u00e1ll\u00f3, ahol a 2-es metr\u00f3 (M2) k\u00f6zlekedik.<\/p>\n","protected":false},"excerpt":{"rendered":"<p>Sz\u00e1llod\u00e1nk 2022 m\u00e1rcius\u00e1ban nyitotta meg kapuit azzal a c\u00e9llal, hogy egyed\u00fcl\u00e1ll\u00f3 \u00e9s pihentet\u0151 \u00e9lm\u00e9nyt ny\u00fajtson mindenkinek, aki Budapesten tart\u00f3zkodik. Szob\u00e1ink &hellip; <\/p>\n","protected":false},"author":1,"featured_media":0,"parent":0,"menu_order":0,"comment_status":"closed","ping_status":"closed","template":"","meta":{"inline_featured_image":false,"footnotes":""},"class_list":["post-1530","page","type-page","status-publish","hentry","latest_post"],"acf":[],"_links":{"self":[{"href":"https:\/\/christinaresidence.com\/hu\/wp-json\/wp\/v2\/pages\/1530","targetHints":{"allow":["GET"]}}],"collection":[{"href":"https:\/\/christinaresidence.com\/hu\/wp-json\/wp\/v2\/pages"}],"about":[{"href":"https:\/\/christinaresidence.com\/hu\/wp-json\/wp\/v2\/types\/page"}],"author":[{"embeddable":true,"href":"https:\/\/christinaresidence.com\/hu\/wp-json\/wp\/v2\/users\/1"}],"replies":[{"embeddable":true,"href":"https:\/\/christinaresidence.com\/hu\/wp-json\/wp\/v2\/comments?post=1530"}],"version-history":[{"count":1,"href":"https:\/\/christinaresidence.com\/hu\/wp-json\/wp\/v2\/pages\/1530\/revisions"}],"predecessor-version":[{"id":1531,"href":"https:\/\/christinaresidence.com\/hu\/wp-json\/wp\/v2\/pages\/1530\/revisions\/1531"}],"wp:attachment":[{"href":"https:\/\/christinaresidence.com\/hu\/wp-json\/wp\/v2\/media?parent=1530"}],"curies":[{"name":"wp","href":"https:\/\/api.w.org\/{rel}","templated":true}]}}